{"id":7906,"date":"2022-09-27T15:54:02","date_gmt":"2022-09-27T19:54:02","guid":{"rendered":"https:\/\/www.tradewind.local\/legal-lk\/"},"modified":"2026-04-30T14:20:12","modified_gmt":"2026-04-30T18:20:12","slug":"legal","status":"publish","type":"page","link":"https:\/\/www.tradewindfinance.com\/de\/legal\/","title":{"rendered":"Impressum"},"content":{"rendered":"\t\t<div data-elementor-type=\"wp-page\" data-elementor-id=\"7906\" class=\"elementor elementor-7906 elementor-6795\" data-elementor-post-type=\"page\">\n\t\t\t\t\t\t<section class=\"elementor-section elementor-top-section elementor-element elementor-element-964fbef elementor-section-content-middle elementor-section-boxed elementor-section-height-default elementor-section-height-default\" data-id=\"964fbef\" data-element_type=\"section\" data-e-type=\"section\">\n\t\t\t\t\t\t<div class=\"elementor-container elementor-column-gap-default\">\n\t\t\t\t\t<div class=\"elementor-column elementor-col-50 elementor-top-column elementor-element elementor-element-a018a57\" data-id=\"a018a57\" data-element_type=\"column\" data-e-type=\"column\">\n\t\t\t<div class=\"elementor-widget-wrap elementor-element-populated\">\n\t\t\t\t\t\t<div class=\"elementor-element elementor-element-0192a44 elementor-widget elementor-widget-text-editor\" data-id=\"0192a44\" data-element_type=\"widget\" data-e-type=\"widget\" data-widget_type=\"text-editor.default\">\n\t\t\t\t<div class=\"elementor-widget-container\">\n\t\t\t\t\t\t\t\t\t<div class=\"printable\">Tradewind<\/div><h1 class=\"display-4 mb-2\">Impressum<\/h1><p class=\"fs-lg text-gray-700 mb-md-0\">Letzte Aktualisierung 29<sup>.<\/sup> April 2026<\/p>\t\t\t\t\t\t\t\t<\/div>\n\t\t\t\t<\/div>\n\t\t\t\t\t<\/div>\n\t\t<\/div>\n\t\t\t\t<div class=\"elementor-column elementor-col-50 elementor-top-column elementor-element elementor-element-27e53c1\" data-id=\"27e53c1\" data-element_type=\"column\" data-e-type=\"column\">\n\t\t\t<div class=\"elementor-widget-wrap elementor-element-populated\">\n\t\t\t\t\t\t<div class=\"elementor-element elementor-element-6eeebc8 elementor-align-right elementor-mobile-align-left elementor-widget elementor-widget-button\" data-id=\"6eeebc8\" data-element_type=\"widget\" data-e-type=\"widget\" data-widget_type=\"button.button-landkit\">\n\t\t\t\t<div class=\"elementor-widget-container\">\n\t\t\t\t\t        <div class=\"elementor-button-wrapper\">\n            <a href=\"#\" class=\"elementor-button-link btn btn-primary-soft btn-sm\" role=\"button\" onclick=\"window.print()\">\n                        <span class=\"elementor-button-content-wrapper\">\n                        <span class=\"elementor-button-icon btn__icon btn__icon--left\">\n                    <i aria-hidden=\"true\" class=\"fe fe-printer\"><\/i>            <\/span>\n                                    <span class=\"elementor-button-text\">Print<\/span>\n                    <\/span>\n                    <\/a>\n        <\/div>\n        \t\t\t\t<\/div>\n\t\t\t\t<\/div>\n\t\t\t\t\t<\/div>\n\t\t<\/div>\n\t\t\t\t\t<\/div>\n\t\t<\/section>\n\t\t\t\t<section class=\"elementor-section elementor-top-section elementor-element elementor-element-8cb632a elementor-section-boxed elementor-section-height-default elementor-section-height-default\" data-id=\"8cb632a\" data-element_type=\"section\" data-e-type=\"section\">\n\t\t\t\t\t\t<div class=\"elementor-container elementor-column-gap-default\">\n\t\t\t\t\t<div class=\"elementor-column elementor-col-100 elementor-top-column elementor-element elementor-element-6327710\" data-id=\"6327710\" data-element_type=\"column\" data-e-type=\"column\">\n\t\t\t<div class=\"elementor-widget-wrap elementor-element-populated\">\n\t\t\t\t\t\t<div class=\"elementor-element elementor-element-98d8b0a elementor-widget-divider--view-line elementor-widget elementor-widget-divider\" data-id=\"98d8b0a\" data-element_type=\"widget\" data-e-type=\"widget\" data-widget_type=\"divider.default\">\n\t\t\t\t<div class=\"elementor-widget-container\">\n\t\t\t\t\t\t\t<div class=\"elementor-divider\">\n\t\t\t<span class=\"elementor-divider-separator\">\n\t\t\t\t\t\t<\/span>\n\t\t<\/div>\n\t\t\t\t\t\t<\/div>\n\t\t\t\t<\/div>\n\t\t\t\t<div class=\"elementor-element elementor-element-8c02458 elementor-widget elementor-widget-text-editor\" data-id=\"8c02458\" data-element_type=\"widget\" data-e-type=\"widget\" data-widget_type=\"text-editor.default\">\n\t\t\t\t<div class=\"elementor-widget-container\">\n\t\t\t\t\t\t\t\t\t<p><strong>Information gem\u00e4\u00df \u00a7 5 Telemediengesetz<\/strong><\/p><p><strong>Anbieter nach dem Telemediengesetz (TMG):<\/strong><\/p><p><strong>Hinweis zu Dienstleistungen und Anbietern<\/strong><\/p><p><strong>Diese Website wird von der Tradewind GmbH betrieben. Bestimmte Dienstleistungen, insbesondere Inkassodienstleistungen, werden von der Tradewind Collection GmbH erbracht. Soweit solche Dienstleistungen angeboten werden, ist die Tradewind Collection GmbH der Anbieter im Sinne von \u00a7 5 TMG.  <\/strong><\/p><p><strong>Tradewind GmbH<\/strong><\/p><p>Flughafenstra\u00dfe 83<br>D-41066 M\u00f6nchengladbach<br>Germany<\/p><p>Telefon: +49 (0)2161 697790<br>Fax: +49 (0)2161 6977979<br>Email: <a href=\"mailto:contact@tradewindfinance.com\">contact@tradewindfinance.com<\/a> <br>Internet: <a href=\"http:\/\/www.tradewindfinance.com\/de\/\">www.tradewindfinance.com<\/a><\/p><p><strong>Rechtsform:<\/strong> Gesellschaft mit beschr\u00e4nkter Haftung (GmbH)<\/p><p><strong>Gesch\u00e4ftsf\u00fchrer<\/strong>: Ansgar H\u00fctten, Johan Geduhn, Mario Voss<\/p><p><strong>Handelsregister: <\/strong>Amtsgericht M\u00f6nchengladbach<\/p><p><strong>Handelsregister Nummer:<\/strong> HRB 6341<\/p><p><strong>USt-Nr.:<\/strong> DE246833202<\/p><p><strong>Aufsichtsbeh\u00f6rde:<\/strong><\/p><p>Bundesanstalt f\u00fcr Finanzdienstleistungsaufsicht (Bafin)<br>Graurheindorfer Stra\u00dfe 108<br> 53117 Bonn<br>Telefon: +49-(0)2278-41080<br>Email: poststelle@bafin.de<\/p><p><strong>Tradewind Collection GmbH<\/strong><\/p><p>Flughafenstra\u00dfe 83<br>D-41066 M\u00f6nchengladbach<br>Germany<\/p><p>Telefon: +49 (0)2161 697790<br>Fax: +49 (0)2161 6977979<br>Email: <a href=\"mailto:mail@tradewindcollection.com\">mail@tradewindcollection.com<\/a><br>Internet: <a href=\"https:\/\/www.tradewindfinance.com\/tradewind-collection-gmbh\/\">www.tradewindfinance.com\/tradewind-collection-gmbh\/<\/a><\/p><p><strong>Rechtsform:<\/strong> Gesellschaft mit beschr\u00e4nkter Haftung (GmbH)<\/p><p><strong>Gesch\u00e4ftsf\u00fchrer:<\/strong> Ansgar H\u00fctten<\/p><p><strong>Handelsregister:<\/strong> Amtsgericht M\u00f6nchengladbach<\/p><p><strong>Handelsregister Nummer:<\/strong> HRB 14487<\/p><p><strong>USt-Nr.: <\/strong>DE815294905<\/p><p><strong>Inkassoberechtigung und beh\u00f6rdliche Angaben:<\/strong><\/p><p>Die Tradewind Collection GmbH ist ein zugelassener Inkassodienstleister gem\u00e4\u00df \u00a7 10 Abs. 1 Satz 1 Nr. 1 des Rechtsdienstleistungsgesetzes (RDG).<\/p><p><strong>Registrierung und Aufsichtsbeh\u00f6rde:<\/strong><\/p><p>Bundesamt f\u00fcr Justiz<\/p><p>Adenauerallee 99\u2013103<\/p><p>53113 Bonn<\/p><p>Website: www.bundesjustizamt.de<\/p><p><strong> <\/strong><\/p><p><strong>Eingetragen im Rechtsdienstleistungsregister: <\/strong><a href=\"http:\/\/www.rechtsdienstleistungsregister.de\">www.rechtsdienstleistungsregister.de<\/a><\/p><p><strong>Inhaltlich verantwortlich gem\u00e4\u00df \u00a7 18 Abs. 2 Medienstaatsvertrag (MStV) <\/strong><\/p><p>Johan Geduhn<br>Flughafenstra\u00dfe 83<br>D-41066 M\u00f6nchengladbach<\/p><p><strong>Informationen gem\u00e4\u00df \u00a7 36 Gesetz \u00fcber die alternative Streitbeilegung bei Verbraucherstreitigkeiten (VSBG)<\/strong><\/p><p>Wir sind nicht verpflichtet, alternative Streitbeilegungsstellen zur Beilegung von Streitigkeiten mit Verbrauchern zu nutzen.<\/p><p><strong>Urheberrechte:<\/strong><\/p><p>Die auf dieser Website ver\u00f6ffentlichten Inhalte und Werke unterliegen dem Urheberrecht. Die Vervielf\u00e4ltigung, Bearbeitung, Verbreitung und jede Art der Verwertung bed\u00fcrfen der schriftlichen Zustimmung des jeweiligen Autors bzw. der jeweiligen Autoren. <\/p><p><strong>Bildnachweis<\/strong><\/p><p>shutterstock.com<\/p><p><strong>Haftungsausschluss:<\/strong><\/p><p>Alle Informationen auf dieser Website sind ohne Gew\u00e4hr. Tradewind beh\u00e4lt sich das Recht vor, jederzeit \u00c4nderungen vorzunehmen, insbesondere aufgrund von Weiterentwicklungen des Unternehmens und seiner Natur. <\/p><p>Dar\u00fcber hinaus ist Tradewind in keiner Weise verantwortlich f\u00fcr den Inhalt anderer Websites, die zum Besuch dieser Website gef\u00fchrt haben oder zu denen Links auf dieser Website eingerichtet wurden. F\u00fcr den Inhalt der verlinkten Seiten sind ausschlie\u00dflich deren Betreiber verantwortlich. <\/p><p><strong>Beschwerden:<\/strong><\/p><p>Bei Fragen oder Problemen wenden Sie sich bitte an <a href=\"mailto:grievances@tradewindfinance.com\">grievances@tradewindfinance.com<\/a><\/p>\t\t\t\t\t\t\t\t<\/div>\n\t\t\t\t<\/div>\n\t\t\t\t\t<\/div>\n\t\t<\/div>\n\t\t\t\t\t<\/div>\n\t\t<\/section>\n\t\t\t\t<\/div>\n\t\t","protected":false},"excerpt":{"rendered":"<p>Tradewind Impressum Letzte Aktualisierung 29. April 2026 Print Information gem\u00e4\u00df \u00a7 5 Telemediengesetz Anbieter nach dem Telemediengesetz (TMG): Hinweis zu Dienstleistungen und Anbietern Diese Website wird von der Tradewind GmbH betrieben. Bestimmte Dienstleistungen, insbesondere Inkassodienstleistungen, werden von der Tradewind Collection GmbH erbracht. Soweit solche Dienstleistungen angeboten werden, ist die Tradewind Collection GmbH der Anbieter im [&hellip;]<\/p>\n","protected":false},"author":3,"featured_media":0,"parent":0,"menu_order":0,"comment_status":"closed","ping_status":"closed","template":"","meta":{"_acf_changed":false,"_sitemap_exclude":false,"_sitemap_priority":"","_sitemap_frequency":"","footnotes":""},"class_list":["post-7906","page","type-page","status-publish","hentry"],"acf":[],"yoast_head":"<!-- This site is optimized with the Yoast SEO Premium plugin v26.8 (Yoast SEO v27.6) - https:\/\/yoast.com\/product\/yoast-seo-premium-wordpress\/ -->\n<title>Privacy Policy | Legal | Tradewind Finance<\/title>\n<meta name=\"description\" content=\"The legal and privacy policies followed by Tradewind globally and regionally\" \/>\n<meta name=\"robots\" content=\"index, follow, max-snippet:-1, max-image-preview:large, max-video-preview:-1\" \/>\n<meta property=\"og:locale\" content=\"de_DE\" \/>\n<meta property=\"og:type\" content=\"article\" \/>\n<meta property=\"og:title\" content=\"Impressum\" \/>\n<meta property=\"og:description\" content=\"The legal and privacy policies followed by Tradewind globally and regionally\" \/>\n<meta property=\"og:url\" content=\"https:\/\/www.tradewindfinance.com\/de\/legal\/\" \/>\n<meta property=\"og:site_name\" content=\"Tradewind Finance\" \/>\n<meta property=\"article:modified_time\" content=\"2026-04-30T18:20:12+00:00\" \/>\n<meta name=\"twitter:card\" content=\"summary_large_image\" \/>\n<meta name=\"twitter:label1\" content=\"Gesch\u00e4tzte Lesezeit\" \/>\n\t<meta name=\"twitter:data1\" content=\"2\u00a0Minuten\" \/>\n<script type=\"application\/ld+json\" class=\"yoast-schema-graph\">{\"@context\":\"https:\\\/\\\/schema.org\",\"@graph\":[{\"@type\":\"WebPage\",\"@id\":\"https:\\\/\\\/www.tradewindfinance.com\\\/de\\\/legal\\\/\",\"url\":\"https:\\\/\\\/www.tradewindfinance.com\\\/de\\\/legal\\\/\",\"name\":\"Privacy Policy | Legal | Tradewind Finance\",\"isPartOf\":{\"@id\":\"https:\\\/\\\/www.tradewindfinance.com\\\/#website\"},\"datePublished\":\"2022-09-27T19:54:02+00:00\",\"dateModified\":\"2026-04-30T18:20:12+00:00\",\"description\":\"The legal and privacy policies followed by Tradewind globally and regionally\",\"breadcrumb\":{\"@id\":\"https:\\\/\\\/www.tradewindfinance.com\\\/de\\\/legal\\\/#breadcrumb\"},\"inLanguage\":\"de\",\"potentialAction\":[{\"@type\":\"ReadAction\",\"target\":[\"https:\\\/\\\/www.tradewindfinance.com\\\/de\\\/legal\\\/\"]}]},{\"@type\":\"BreadcrumbList\",\"@id\":\"https:\\\/\\\/www.tradewindfinance.com\\\/de\\\/legal\\\/#breadcrumb\",\"itemListElement\":[{\"@type\":\"ListItem\",\"position\":1,\"name\":\"Home\",\"item\":\"https:\\\/\\\/www.tradewindfinance.com\\\/de\\\/home\\\/\"},{\"@type\":\"ListItem\",\"position\":2,\"name\":\"Impressum\"}]},{\"@type\":\"WebSite\",\"@id\":\"https:\\\/\\\/www.tradewindfinance.com\\\/#website\",\"url\":\"https:\\\/\\\/www.tradewindfinance.com\\\/\",\"name\":\"Tradewind Finance\",\"description\":\"Intelligent Trade Finance\",\"publisher\":{\"@id\":\"https:\\\/\\\/www.tradewindfinance.com\\\/#organization\"},\"potentialAction\":[{\"@type\":\"SearchAction\",\"target\":{\"@type\":\"EntryPoint\",\"urlTemplate\":\"https:\\\/\\\/www.tradewindfinance.com\\\/?s={search_term_string}\"},\"query-input\":{\"@type\":\"PropertyValueSpecification\",\"valueRequired\":true,\"valueName\":\"search_term_string\"}}],\"inLanguage\":\"de\"},{\"@type\":\"Organization\",\"@id\":\"https:\\\/\\\/www.tradewindfinance.com\\\/#organization\",\"name\":\"Tradewind Finance\",\"url\":\"https:\\\/\\\/www.tradewindfinance.com\\\/\",\"logo\":{\"@type\":\"ImageObject\",\"inLanguage\":\"de\",\"@id\":\"https:\\\/\\\/www.tradewindfinance.com\\\/#\\\/schema\\\/logo\\\/image\\\/\",\"url\":\"https:\\\/\\\/www.tradewindfinance.com\\\/wp-content\\\/uploads\\\/2022\\\/02\\\/Tradewind-Logo.svg\",\"contentUrl\":\"https:\\\/\\\/www.tradewindfinance.com\\\/wp-content\\\/uploads\\\/2022\\\/02\\\/Tradewind-Logo.svg\",\"width\":200,\"height\":49,\"caption\":\"Tradewind Finance\"},\"image\":{\"@id\":\"https:\\\/\\\/www.tradewindfinance.com\\\/#\\\/schema\\\/logo\\\/image\\\/\"}}]}<\/script>\n<!-- \/ Yoast SEO Premium plugin. -->","yoast_head_json":{"title":"Privacy Policy | Legal | Tradewind Finance","description":"The legal and privacy policies followed by Tradewind globally and regionally","robots":{"index":"index","follow":"follow","max-snippet":"max-snippet:-1","max-image-preview":"max-image-preview:large","max-video-preview":"max-video-preview:-1"},"og_locale":"de_DE","og_type":"article","og_title":"Impressum","og_description":"The legal and privacy policies followed by Tradewind globally and regionally","og_url":"https:\/\/www.tradewindfinance.com\/de\/legal\/","og_site_name":"Tradewind Finance","article_modified_time":"2026-04-30T18:20:12+00:00","twitter_card":"summary_large_image","twitter_misc":{"Gesch\u00e4tzte Lesezeit":"2\u00a0Minuten"},"schema":{"@context":"https:\/\/schema.org","@graph":[{"@type":"WebPage","@id":"https:\/\/www.tradewindfinance.com\/de\/legal\/","url":"https:\/\/www.tradewindfinance.com\/de\/legal\/","name":"Privacy Policy | Legal | Tradewind Finance","isPartOf":{"@id":"https:\/\/www.tradewindfinance.com\/#website"},"datePublished":"2022-09-27T19:54:02+00:00","dateModified":"2026-04-30T18:20:12+00:00","description":"The legal and privacy policies followed by Tradewind globally and regionally","breadcrumb":{"@id":"https:\/\/www.tradewindfinance.com\/de\/legal\/#breadcrumb"},"inLanguage":"de","potentialAction":[{"@type":"ReadAction","target":["https:\/\/www.tradewindfinance.com\/de\/legal\/"]}]},{"@type":"BreadcrumbList","@id":"https:\/\/www.tradewindfinance.com\/de\/legal\/#breadcrumb","itemListElement":[{"@type":"ListItem","position":1,"name":"Home","item":"https:\/\/www.tradewindfinance.com\/de\/home\/"},{"@type":"ListItem","position":2,"name":"Impressum"}]},{"@type":"WebSite","@id":"https:\/\/www.tradewindfinance.com\/#website","url":"https:\/\/www.tradewindfinance.com\/","name":"Tradewind Finance","description":"Intelligent Trade Finance","publisher":{"@id":"https:\/\/www.tradewindfinance.com\/#organization"},"potentialAction":[{"@type":"SearchAction","target":{"@type":"EntryPoint","urlTemplate":"https:\/\/www.tradewindfinance.com\/?s={search_term_string}"},"query-input":{"@type":"PropertyValueSpecification","valueRequired":true,"valueName":"search_term_string"}}],"inLanguage":"de"},{"@type":"Organization","@id":"https:\/\/www.tradewindfinance.com\/#organization","name":"Tradewind Finance","url":"https:\/\/www.tradewindfinance.com\/","logo":{"@type":"ImageObject","inLanguage":"de","@id":"https:\/\/www.tradewindfinance.com\/#\/schema\/logo\/image\/","url":"https:\/\/www.tradewindfinance.com\/wp-content\/uploads\/2022\/02\/Tradewind-Logo.svg","contentUrl":"https:\/\/www.tradewindfinance.com\/wp-content\/uploads\/2022\/02\/Tradewind-Logo.svg","width":200,"height":49,"caption":"Tradewind Finance"},"image":{"@id":"https:\/\/www.tradewindfinance.com\/#\/schema\/logo\/image\/"}}]}},"_links":{"self":[{"href":"https:\/\/www.tradewindfinance.com\/de\/wp-json\/wp\/v2\/pages\/7906","targetHints":{"allow":["GET"]}}],"collection":[{"href":"https:\/\/www.tradewindfinance.com\/de\/wp-json\/wp\/v2\/pages"}],"about":[{"href":"https:\/\/www.tradewindfinance.com\/de\/wp-json\/wp\/v2\/types\/page"}],"author":[{"embeddable":true,"href":"https:\/\/www.tradewindfinance.com\/de\/wp-json\/wp\/v2\/users\/3"}],"replies":[{"embeddable":true,"href":"https:\/\/www.tradewindfinance.com\/de\/wp-json\/wp\/v2\/comments?post=7906"}],"version-history":[{"count":6,"href":"https:\/\/www.tradewindfinance.com\/de\/wp-json\/wp\/v2\/pages\/7906\/revisions"}],"predecessor-version":[{"id":45490,"href":"https:\/\/www.tradewindfinance.com\/de\/wp-json\/wp\/v2\/pages\/7906\/revisions\/45490"}],"wp:attachment":[{"href":"https:\/\/www.tradewindfinance.com\/de\/wp-json\/wp\/v2\/media?parent=7906"}],"curies":[{"name":"wp","href":"https:\/\/api.w.org\/{rel}","templated":true}]}}